{"id":1390,"date":"2020-01-03T04:23:54","date_gmt":"2020-01-03T04:23:54","guid":{"rendered":"http:\/\/wpdemo.archiwp.com\/engitech\/?page_id=1390"},"modified":"2025-04-19T01:31:07","modified_gmt":"2025-04-19T01:31:07","slug":"faqs","status":"publish","type":"page","link":"https:\/\/meu.wsoluti.com.br\/pt\/faqs\/","title":{"rendered":"FAQs"},"content":{"rendered":"<div data-elementor-type=\"wp-page\" data-elementor-id=\"1390\" class=\"elementor elementor-1390\" data-elementor-post-type=\"page\">\n\t\t\t\t\t\t<section class=\"elementor-section elementor-top-section elementor-element elementor-element-7217fba ot-traditional elementor-section-boxed elementor-section-height-default elementor-section-height-default\" data-id=\"7217fba\" data-element_type=\"section\">\n\t\t\t\t\t\t<div class=\"elementor-container elementor-column-gap-default\">\n\t\t\t\t\t<div class=\"elementor-column elementor-col-100 elementor-top-column elementor-element elementor-element-2fc0969 ot-flex-column-vertical\" data-id=\"2fc0969\" data-element_type=\"column\">\n\t\t\t<div class=\"elementor-widget-wrap elementor-element-populated\">\n\t\t\t\t\t\t<div class=\"elementor-element elementor-element-e69e6d7 elementor-widget elementor-widget-iheading\" data-id=\"e69e6d7\" data-element_type=\"widget\" data-widget_type=\"iheading.default\">\n\t\t\t\t<div class=\"elementor-widget-container\">\n\t\t\t\t\t\t\t<div class=\"ot-heading\">\r\n\t        \t            <span>\/\/ FAQ<\/span>\r\n\t        <h2 class=\"main-heading\">Tire suas d\u00favidas <br>\ncom agilidade e seguran\u00e7a<\/h2>\t    <\/div>\r\n\t    \t\t\t\t<\/div>\n\t\t\t\t<\/div>\n\t\t\t\t<section class=\"elementor-section elementor-inner-section elementor-element elementor-element-973c550 elementor-section-full_width ot-traditional elementor-section-height-default elementor-section-height-default\" data-id=\"973c550\" data-element_type=\"section\">\n\t\t\t\t\t\t<div class=\"elementor-container elementor-column-gap-extended\">\n\t\t\t\t\t<div class=\"elementor-column elementor-col-50 elementor-inner-column elementor-element elementor-element-05e1b9e ot-flex-column-vertical\" data-id=\"05e1b9e\" data-element_type=\"column\">\n\t\t\t<div class=\"elementor-widget-wrap elementor-element-populated\">\n\t\t\t\t\t\t<div class=\"elementor-element elementor-element-890a410 elementor-widget elementor-widget-iaccordions\" data-id=\"890a410\" data-element_type=\"widget\" data-widget_type=\"iaccordions.default\">\n\t\t\t\t<div class=\"elementor-widget-container\">\n\t\t\t\t\t\r\n\t\t<div class=\"ot-accordions\">\r\n\t\t\t\t\t\t<div class=\"acc-item\">\r\n\t\t\t\t<span class=\"acc-toggle\" data-default=\"yes\">Prazos de entrega <i class=\"down flaticon-download-arrow\"><\/i><i class=\"up flaticon-up-arrow\"><\/i><\/span>\r\n\t\t\t\t<div class=\"acc-content\">\r\n\t\t\t\t\t<p>Saiba quanto tempo, em m\u00e9dia, levamos para planejar, desenvolver e entregar seu projeto com qualidade e dentro do cronograma.<\/p>\t\t\t\t<\/div>\r\n\t\t\t<\/div>\r\n\t\t\t\t\t\t<div class=\"acc-item\">\r\n\t\t\t\t<span class=\"acc-toggle\" data-default=\"\"> Formas de pagamento <i class=\"down flaticon-download-arrow\"><\/i><i class=\"up flaticon-up-arrow\"><\/i><\/span>\r\n\t\t\t\t<div class=\"acc-content\">\r\n\t\t\t\t\t<p>Entenda as op\u00e7\u00f5es de pagamento dispon\u00edveis, condi\u00e7\u00f5es para parcelamento e como tornar o investimento mais acess\u00edvel para seu neg\u00f3cio.<\/p>\t\t\t\t<\/div>\r\n\t\t\t<\/div>\r\n\t\t\t\t\t\t<div class=\"acc-item\">\r\n\t\t\t\t<span class=\"acc-toggle\" data-default=\"\">Suporte e manuten\u00e7\u00e3o <i class=\"down flaticon-download-arrow\"><\/i><i class=\"up flaticon-up-arrow\"><\/i><\/span>\r\n\t\t\t\t<div class=\"acc-content\">\r\n\t\t\t\t\t<p>Descubra como funciona nosso suporte t\u00e9cnico ap\u00f3s a entrega e os servi\u00e7os de manuten\u00e7\u00e3o preventiva e corretiva que oferecemos.<\/p>\t\t\t\t<\/div>\r\n\t\t\t<\/div>\r\n\t\t\t\t\t\t<div class=\"acc-item\">\r\n\t\t\t\t<span class=\"acc-toggle\" data-default=\"\">Hospedagem e dom\u00ednio <i class=\"down flaticon-download-arrow\"><\/i><i class=\"up flaticon-up-arrow\"><\/i><\/span>\r\n\t\t\t\t<div class=\"acc-content\">\r\n\t\t\t\t\t<p>Tire d\u00favidas sobre aquisi\u00e7\u00e3o, renova\u00e7\u00e3o, apontamento de dom\u00ednio e a melhor hospedagem para garantir estabilidade e performance.<\/p>\t\t\t\t<\/div>\r\n\t\t\t<\/div>\r\n\t\t\t\t\t\t<div class=\"acc-item\">\r\n\t\t\t\t<span class=\"acc-toggle\" data-default=\"\">Seguran\u00e7a de dados <i class=\"down flaticon-download-arrow\"><\/i><i class=\"up flaticon-up-arrow\"><\/i><\/span>\r\n\t\t\t\t<div class=\"acc-content\">\r\n\t\t\t\t\t<p>Conhe\u00e7a as pr\u00e1ticas que adotamos para proteger seu site e suas informa\u00e7\u00f5es contra acessos indevidos, ataques e falhas t\u00e9cnicas.<\/p>\t\t\t\t<\/div>\r\n\t\t\t<\/div>\r\n\t\t\t\t    <\/div>\r\n\r\n\t    \t\t\t\t<\/div>\n\t\t\t\t<\/div>\n\t\t\t\t\t<\/div>\n\t\t<\/div>\n\t\t\t\t<div class=\"elementor-column elementor-col-50 elementor-inner-column elementor-element elementor-element-d335848 ot-flex-column-vertical\" data-id=\"d335848\" data-element_type=\"column\">\n\t\t\t<div class=\"elementor-widget-wrap elementor-element-populated\">\n\t\t\t\t\t\t<div class=\"elementor-element elementor-element-bd043a5 elementor-widget elementor-widget-iaccordions\" data-id=\"bd043a5\" data-element_type=\"widget\" data-widget_type=\"iaccordions.default\">\n\t\t\t\t<div class=\"elementor-widget-container\">\n\t\t\t\t\t\r\n\t\t<div class=\"ot-accordions\">\r\n\t\t\t\t\t\t<div class=\"acc-item\">\r\n\t\t\t\t<span class=\"acc-toggle\" data-default=\"yes\">Escopo dos nossos servi\u00e7os <i class=\"down flaticon-download-arrow\"><\/i><i class=\"up flaticon-up-arrow\"><\/i><\/span>\r\n\t\t\t\t<div class=\"acc-content\">\r\n\t\t\t\t\t<p>Entenda o que est\u00e1 incluso em cada tipo de projeto, quais servi\u00e7os complementares oferecemos e como personalizamos solu\u00e7\u00f5es para seu segmento.<\/p>\t\t\t\t<\/div>\r\n\t\t\t<\/div>\r\n\t\t\t\t\t\t<div class=\"acc-item\">\r\n\t\t\t\t<span class=\"acc-toggle\" data-default=\"\">Atualiza\u00e7\u00f5es e melhorias futuras <i class=\"down flaticon-download-arrow\"><\/i><i class=\"up flaticon-up-arrow\"><\/i><\/span>\r\n\t\t\t\t<div class=\"acc-content\">\r\n\t\t\t\t\t<p>Saiba como funcionam as atualiza\u00e7\u00f5es de sistema, site ou funcionalidades ap\u00f3s o projeto entregue \u2014 e como podemos evoluir juntos com base nas suas necessidades.<\/p>\t\t\t\t<\/div>\r\n\t\t\t<\/div>\r\n\t\t\t\t\t\t<div class=\"acc-item\">\r\n\t\t\t\t<span class=\"acc-toggle\" data-default=\"\">Responsividade e performance <i class=\"down flaticon-download-arrow\"><\/i><i class=\"up flaticon-up-arrow\"><\/i><\/span>\r\n\t\t\t\t<div class=\"acc-content\">\r\n\t\t\t\t\t<p>Entenda como garantimos que seu site funcione perfeitamente em todos os dispositivos, com carregamento r\u00e1pido e experi\u00eancia fluida para seus usu\u00e1rios.<\/p>\t\t\t\t<\/div>\r\n\t\t\t<\/div>\r\n\t\t\t\t\t\t<div class=\"acc-item\">\r\n\t\t\t\t<span class=\"acc-toggle\" data-default=\"\">Integra\u00e7\u00f5es com outras plataformas <i class=\"down flaticon-download-arrow\"><\/i><i class=\"up flaticon-up-arrow\"><\/i><\/span>\r\n\t\t\t\t<div class=\"acc-content\">\r\n\t\t\t\t\t<p>Descubra quais integra\u00e7\u00f5es realizamos (como CRMs, WhatsApp, gateways de pagamento, e-mail marketing) e como elas agregam valor ao seu projeto.<\/p>\t\t\t\t<\/div>\r\n\t\t\t<\/div>\r\n\t\t\t\t\t\t<div class=\"acc-item\">\r\n\t\t\t\t<span class=\"acc-toggle\" data-default=\"\">Processo de cria\u00e7\u00e3o e etapas do projeto <i class=\"down flaticon-download-arrow\"><\/i><i class=\"up flaticon-up-arrow\"><\/i><\/span>\r\n\t\t\t\t<div class=\"acc-content\">\r\n\t\t\t\t\t<p>Se quiser, posso sugerir as perguntas correspondentes para cada t\u00f3pico ou estruturar tudo visualmente para Elementor. Deseja seguir por a\u00ed?<\/p>\t\t\t\t<\/div>\r\n\t\t\t<\/div>\r\n\t\t\t\t    <\/div>\r\n\r\n\t    \t\t\t\t<\/div>\n\t\t\t\t<\/div>\n\t\t\t\t\t<\/div>\n\t\t<\/div>\n\t\t\t\t\t<\/div>\n\t\t<\/section>\n\t\t\t\t\t<\/div>\n\t\t<\/div>\n\t\t\t\t\t<\/div>\n\t\t<\/section>\n\t\t\t\t<section class=\"elementor-section elementor-top-section elementor-element elementor-element-6118c00 ot-traditional elementor-section-boxed elementor-section-height-default elementor-section-height-default\" data-id=\"6118c00\" data-element_type=\"section\" data-settings=\"{&quot;background_background&quot;:&quot;classic&quot;}\">\n\t\t\t\t\t\t<div class=\"elementor-container elementor-column-gap-extended\">\n\t\t\t\t\t<div class=\"elementor-column elementor-col-100 elementor-top-column elementor-element elementor-element-baa3ea8 ot-flex-column-vertical\" data-id=\"baa3ea8\" data-element_type=\"column\">\n\t\t\t<div class=\"elementor-widget-wrap elementor-element-populated\">\n\t\t\t\t\t\t<section class=\"elementor-section elementor-inner-section elementor-element elementor-element-52e7c11 elementor-section-full_width elementor-section-content-bottom ot-traditional elementor-section-height-default elementor-section-height-default\" data-id=\"52e7c11\" data-element_type=\"section\" data-settings=\"{&quot;background_background&quot;:&quot;gradient&quot;}\">\n\t\t\t\t\t\t<div class=\"elementor-container elementor-column-gap-default\">\n\t\t\t\t\t<div class=\"elementor-column elementor-col-50 elementor-inner-column elementor-element elementor-element-9475a6b ot-flex-column-vertical\" data-id=\"9475a6b\" data-element_type=\"column\">\n\t\t\t<div class=\"elementor-widget-wrap elementor-element-populated\">\n\t\t\t\t\t\t<div class=\"elementor-element elementor-element-2b0288b elementor-widget elementor-widget-iheading\" data-id=\"2b0288b\" data-element_type=\"widget\" data-widget_type=\"iheading.default\">\n\t\t\t\t<div class=\"elementor-widget-container\">\n\t\t\t\t\t\t\t<div class=\"ot-heading\">\r\n\t        \t            <span>\/\/ N\u00f3s oferecemos mais do que apenas boas habilidades de codifica\u00e7\u00e3o<\/span>\r\n\t        <h2 class=\"main-heading\">Vamos construir seu site!\n<\/h2>\t    <\/div>\r\n\t    \t\t\t\t<\/div>\n\t\t\t\t<\/div>\n\t\t\t\t\t<\/div>\n\t\t<\/div>\n\t\t\t\t<div class=\"elementor-column elementor-col-50 elementor-inner-column elementor-element elementor-element-16d635c ot-flex-column-vertical\" data-id=\"16d635c\" data-element_type=\"column\">\n\t\t\t<div class=\"elementor-widget-wrap elementor-element-populated\">\n\t\t\t\t\t\t<div class=\"elementor-element elementor-element-11ae7a5 elementor-align-right elementor-mobile-align-left elementor-widget elementor-widget-button\" data-id=\"11ae7a5\" data-element_type=\"widget\" data-widget_type=\"button.default\">\n\t\t\t\t<div class=\"elementor-widget-container\">\n\t\t\t\t\t\t\t\t\t<div class=\"elementor-button-wrapper\">\n\t\t\t\t\t<a class=\"elementor-button elementor-button-link elementor-size-md\" href=\"http:\/\/localhost\/engitech\/contacts\/\">\n\t\t\t\t\t\t<span class=\"elementor-button-content-wrapper\">\n\t\t\t\t\t\t\t\t\t<span class=\"elementor-button-text\">contate-nos<\/span>\n\t\t\t\t\t<\/span>\n\t\t\t\t\t<\/a>\n\t\t\t\t<\/div>\n\t\t\t\t\t\t\t\t<\/div>\n\t\t\t\t<\/div>\n\t\t\t\t\t<\/div>\n\t\t<\/div>\n\t\t\t\t\t<\/div>\n\t\t<\/section>\n\t\t\t\t<div class=\"elementor-element elementor-element-adf2a06 elementor-widget elementor-widget-iheading\" data-id=\"adf2a06\" data-element_type=\"widget\" data-widget_type=\"iheading.default\">\n\t\t\t\t<div class=\"elementor-widget-container\">\n\t\t\t\t\t\t\t<div class=\"ot-heading\">\r\n\t        \t            <span>\/\/ Suporte T\u00e9cnico<\/span>\r\n\t        <h2 class=\"main-heading\">Conex\u00e3o Cont\u00ednua, Solu\u00e7\u00f5es R\u00e1pidas <br>\nAtendimento Humanizado<\/h2>\t    <\/div>\r\n\t    \t\t\t\t<\/div>\n\t\t\t\t<\/div>\n\t\t\t\t<section class=\"elementor-section elementor-inner-section elementor-element elementor-element-36b4f39 elementor-section-full_width ot-traditional elementor-section-height-default elementor-section-height-default\" data-id=\"36b4f39\" data-element_type=\"section\">\n\t\t\t\t\t\t<div class=\"elementor-container elementor-column-gap-extended\">\n\t\t\t\t\t<div class=\"elementor-column elementor-col-33 elementor-inner-column elementor-element elementor-element-570706a ot-flex-column-vertical\" data-id=\"570706a\" data-element_type=\"column\">\n\t\t\t<div class=\"elementor-widget-wrap elementor-element-populated\">\n\t\t\t\t\t\t<div class=\"elementor-element elementor-element-96d84af elementor-widget elementor-widget-isupport_box\" data-id=\"96d84af\" data-element_type=\"widget\" data-widget_type=\"isupport_box.default\">\n\t\t\t\t<div class=\"elementor-widget-container\">\n\t\t\t\t\t\r\n\t\t<div class=\"support-box\">\r\n\t\t\t<div class=\"inner-box\">\r\n\t\t\t\t<div class=\"overlay flex-middle\">\r\n\t\t\t\t\t<span class=\"number-box\">01<\/span>\r\n\t\t\t\t\t<div class=\"inner\">\r\n\t\t\t\t\t\t<p>Atendimento \u00e1gil e eficiente, com resolu\u00e7\u00e3o de problemas diretamente pela internet \u2014 sem complica\u00e7\u00f5es, onde voc\u00ea estiver.<\/p>\r\n\t\t\t\t\t\t<a href=\"#\" class=\"btn-details\"><i class=\"flaticon-right-arrow-1\"><\/i> SAIBA MAIS<\/a>\r\n\t\t\t\t\t<\/div>\r\n\t\t\t\t<\/div>\r\n\t\t\t\t<div class=\"content-box\">\r\n\t\t\t\t\t<span class=\"number-box\">01<\/span>\r\n\t\t\t\t\t<h3>Suporte t\u00e9cnico remoto<\/h3>\r\n\t\t\t\t\t<img decoding=\"async\" src=\"https:\/\/engitech.s3.amazonaws.com\/images\/support1.jpg\" alt=\"Suporte t\u00e9cnico remoto\">\r\n\t\t\t\t<\/div>\r\n\t\t\t<\/div>\r\n\t    <\/div>\r\n\r\n\t    \t\t\t\t<\/div>\n\t\t\t\t<\/div>\n\t\t\t\t\t<\/div>\n\t\t<\/div>\n\t\t\t\t<div class=\"elementor-column elementor-col-33 elementor-inner-column elementor-element elementor-element-58cb1c9 ot-flex-column-vertical\" data-id=\"58cb1c9\" data-element_type=\"column\">\n\t\t\t<div class=\"elementor-widget-wrap elementor-element-populated\">\n\t\t\t\t\t\t<div class=\"elementor-element elementor-element-c0f3eb1 elementor-widget elementor-widget-isupport_box\" data-id=\"c0f3eb1\" data-element_type=\"widget\" data-widget_type=\"isupport_box.default\">\n\t\t\t\t<div class=\"elementor-widget-container\">\n\t\t\t\t\t\r\n\t\t<div class=\"support-box\">\r\n\t\t\t<div class=\"inner-box\">\r\n\t\t\t\t<div class=\"overlay flex-middle\">\r\n\t\t\t\t\t<span class=\"number-box\">02<\/span>\r\n\t\t\t\t\t<div class=\"inner\">\r\n\t\t\t\t\t\t<p>Acompanhamento cont\u00ednuo para identificar falhas antes que se tornem problemas \u2014 garantindo estabilidade e seguran\u00e7a.<\/p>\r\n\t\t\t\t\t\t<a href=\"#\" class=\"btn-details\"><i class=\"flaticon-right-arrow-1\"><\/i> SAIBA MAIS<\/a>\r\n\t\t\t\t\t<\/div>\r\n\t\t\t\t<\/div>\r\n\t\t\t\t<div class=\"content-box\">\r\n\t\t\t\t\t<span class=\"number-box\">02<\/span>\r\n\t\t\t\t\t<h3>Monitoramento e manuten\u00e7\u00e3o preventiva<\/h3>\r\n\t\t\t\t\t<img decoding=\"async\" src=\"https:\/\/engitech.s3.amazonaws.com\/images\/support2.jpg\" alt=\"Monitoramento e manuten\u00e7\u00e3o preventiva\">\r\n\t\t\t\t<\/div>\r\n\t\t\t<\/div>\r\n\t    <\/div>\r\n\r\n\t    \t\t\t\t<\/div>\n\t\t\t\t<\/div>\n\t\t\t\t\t<\/div>\n\t\t<\/div>\n\t\t\t\t<div class=\"elementor-column elementor-col-33 elementor-inner-column elementor-element elementor-element-d5786d6 ot-flex-column-vertical\" data-id=\"d5786d6\" data-element_type=\"column\">\n\t\t\t<div class=\"elementor-widget-wrap elementor-element-populated\">\n\t\t\t\t\t\t<div class=\"elementor-element elementor-element-320cbd1 elementor-widget elementor-widget-isupport_box\" data-id=\"320cbd1\" data-element_type=\"widget\" data-widget_type=\"isupport_box.default\">\n\t\t\t\t<div class=\"elementor-widget-container\">\n\t\t\t\t\t\r\n\t\t<div class=\"support-box\">\r\n\t\t\t<div class=\"inner-box\">\r\n\t\t\t\t<div class=\"overlay flex-middle\">\r\n\t\t\t\t\t<span class=\"number-box\">03<\/span>\r\n\t\t\t\t\t<div class=\"inner\">\r\n\t\t\t\t\t\t<p>Precisa ajustar algo, atualizar uma funcionalidade ou incluir novas ideias? Conte com nossa equipe para manter tudo em evolu\u00e7\u00e3o.<\/p>\r\n\t\t\t\t\t\t<a href=\"#\" class=\"btn-details\"><i class=\"flaticon-right-arrow-1\"><\/i> SAIBA MAIS<\/a>\r\n\t\t\t\t\t<\/div>\r\n\t\t\t\t<\/div>\r\n\t\t\t\t<div class=\"content-box\">\r\n\t\t\t\t\t<span class=\"number-box\">03<\/span>\r\n\t\t\t\t\t<h3>Corre\u00e7\u00f5es, melhorias e atualiza\u00e7\u00f5es sob demanda<\/h3>\r\n\t\t\t\t\t<img decoding=\"async\" src=\"https:\/\/engitech.s3.amazonaws.com\/images\/support3.jpg\" alt=\"Corre\u00e7\u00f5es, melhorias e atualiza\u00e7\u00f5es sob demanda\">\r\n\t\t\t\t<\/div>\r\n\t\t\t<\/div>\r\n\t    <\/div>\r\n\r\n\t    \t\t\t\t<\/div>\n\t\t\t\t<\/div>\n\t\t\t\t\t<\/div>\n\t\t<\/div>\n\t\t\t\t\t<\/div>\n\t\t<\/section>\n\t\t\t\t<div class=\"elementor-element elementor-element-efb4aef partners elementor-widget elementor-widget-image-carousel\" data-id=\"efb4aef\" data-element_type=\"widget\" data-settings=\"{&quot;slides_to_show&quot;:&quot;6&quot;,&quot;slides_to_show_tablet&quot;:&quot;4&quot;,&quot;slides_to_show_mobile&quot;:&quot;2&quot;,&quot;slides_to_scroll&quot;:&quot;1&quot;,&quot;navigation&quot;:&quot;none&quot;,&quot;autoplay_speed&quot;:6000,&quot;image_spacing_custom&quot;:{&quot;unit&quot;:&quot;px&quot;,&quot;size&quot;:80,&quot;sizes&quot;:[]},&quot;autoplay&quot;:&quot;yes&quot;,&quot;pause_on_hover&quot;:&quot;yes&quot;,&quot;pause_on_interaction&quot;:&quot;yes&quot;,&quot;infinite&quot;:&quot;yes&quot;,&quot;speed&quot;:500,&quot;image_spacing_custom_tablet&quot;:{&quot;unit&quot;:&quot;px&quot;,&quot;size&quot;:&quot;&quot;,&quot;sizes&quot;:[]},&quot;image_spacing_custom_mobile&quot;:{&quot;unit&quot;:&quot;px&quot;,&quot;size&quot;:&quot;&quot;,&quot;sizes&quot;:[]}}\" data-widget_type=\"image-carousel.default\">\n\t\t\t\t<div class=\"elementor-widget-container\">\n\t\t\t\t\t\t\t<div class=\"elementor-image-carousel-wrapper swiper\" role=\"region\" aria-roledescription=\"carousel\" aria-label=\"Carrossel de imagens\" dir=\"ltr\">\n\t\t\t<div class=\"elementor-image-carousel swiper-wrapper\" aria-live=\"off\">\n\t\t\t\t\t\t\t\t<div class=\"swiper-slide\" role=\"group\" aria-roledescription=\"slide\" aria-label=\"1 de 6\" data-no-translation-aria-label=\"\"><a data-elementor-open-lightbox=\"yes\" data-elementor-lightbox-slideshow=\"efb4aef\" data-elementor-lightbox-title=\"client1\" data-e-action-hash=\"#elementor-action%3Aaction%3Dlightbox%26settings%3DeyJpZCI6MjMyOCwidXJsIjoiaHR0cHM6XC9cL21ldS53c29sdXRpLmNvbS5iclwvd3AtY29udGVudFwvdXBsb2Fkc1wvMjAyMFwvMDNcL2NsaWVudDEuc3ZnIiwic2xpZGVzaG93IjoiZWZiNGFlZiJ9\" href=\"http:\/\/themeforest.net\/user\/OceanThemes\/portfolio\" target=\"_blank\"><figure class=\"swiper-slide-inner\"><img decoding=\"async\" class=\"swiper-slide-image\" src=\"https:\/\/meu.wsoluti.com.br\/wp-content\/uploads\/2020\/03\/client1.svg\" alt=\"client1\" \/><\/figure><\/a><\/div><div class=\"swiper-slide\" role=\"group\" aria-roledescription=\"slide\" aria-label=\"2 de 6\" data-no-translation-aria-label=\"\"><a data-elementor-open-lightbox=\"yes\" data-elementor-lightbox-slideshow=\"efb4aef\" data-elementor-lightbox-title=\"client6\" data-e-action-hash=\"#elementor-action%3Aaction%3Dlightbox%26settings%3DeyJpZCI6MjMzMywidXJsIjoiaHR0cHM6XC9cL21ldS53c29sdXRpLmNvbS5iclwvd3AtY29udGVudFwvdXBsb2Fkc1wvMjAyMFwvMDNcL2NsaWVudDYuc3ZnIiwic2xpZGVzaG93IjoiZWZiNGFlZiJ9\" href=\"http:\/\/themeforest.net\/user\/OceanThemes\/portfolio\" target=\"_blank\"><figure class=\"swiper-slide-inner\"><img decoding=\"async\" class=\"swiper-slide-image\" src=\"https:\/\/meu.wsoluti.com.br\/wp-content\/uploads\/2020\/03\/client6.svg\" alt=\"client6\" \/><\/figure><\/a><\/div><div class=\"swiper-slide\" role=\"group\" aria-roledescription=\"slide\" aria-label=\"3 de 6\" data-no-translation-aria-label=\"\"><a data-elementor-open-lightbox=\"yes\" data-elementor-lightbox-slideshow=\"efb4aef\" data-elementor-lightbox-title=\"client5\" data-e-action-hash=\"#elementor-action%3Aaction%3Dlightbox%26settings%3DeyJpZCI6MjMzMiwidXJsIjoiaHR0cHM6XC9cL21ldS53c29sdXRpLmNvbS5iclwvd3AtY29udGVudFwvdXBsb2Fkc1wvMjAyMFwvMDNcL2NsaWVudDUuc3ZnIiwic2xpZGVzaG93IjoiZWZiNGFlZiJ9\" href=\"http:\/\/themeforest.net\/user\/OceanThemes\/portfolio\" target=\"_blank\"><figure class=\"swiper-slide-inner\"><img decoding=\"async\" class=\"swiper-slide-image\" src=\"https:\/\/meu.wsoluti.com.br\/wp-content\/uploads\/2020\/03\/client5.svg\" alt=\"client5\" \/><\/figure><\/a><\/div><div class=\"swiper-slide\" role=\"group\" aria-roledescription=\"slide\" aria-label=\"4 de 6\" data-no-translation-aria-label=\"\"><a data-elementor-open-lightbox=\"yes\" data-elementor-lightbox-slideshow=\"efb4aef\" data-elementor-lightbox-title=\"client4\" data-e-action-hash=\"#elementor-action%3Aaction%3Dlightbox%26settings%3DeyJpZCI6MjM3MywidXJsIjoiaHR0cHM6XC9cL21ldS53c29sdXRpLmNvbS5iclwvd3AtY29udGVudFwvdXBsb2Fkc1wvMjAyMFwvMDNcL2NsaWVudDQucG5nIiwic2xpZGVzaG93IjoiZWZiNGFlZiJ9\" href=\"http:\/\/themeforest.net\/user\/OceanThemes\/portfolio\" target=\"_blank\"><figure class=\"swiper-slide-inner\"><img decoding=\"async\" class=\"swiper-slide-image\" src=\"https:\/\/meu.wsoluti.com.br\/wp-content\/uploads\/2020\/03\/client4.png\" alt=\"client4\" \/><\/figure><\/a><\/div><div class=\"swiper-slide\" role=\"group\" aria-roledescription=\"slide\" aria-label=\"5 de 6\" data-no-translation-aria-label=\"\"><a data-elementor-open-lightbox=\"yes\" data-elementor-lightbox-slideshow=\"efb4aef\" data-elementor-lightbox-title=\"client2\" data-e-action-hash=\"#elementor-action%3Aaction%3Dlightbox%26settings%3DeyJpZCI6MjMyOSwidXJsIjoiaHR0cHM6XC9cL21ldS53c29sdXRpLmNvbS5iclwvd3AtY29udGVudFwvdXBsb2Fkc1wvMjAyMFwvMDNcL2NsaWVudDIuc3ZnIiwic2xpZGVzaG93IjoiZWZiNGFlZiJ9\" href=\"http:\/\/themeforest.net\/user\/OceanThemes\/portfolio\" target=\"_blank\"><figure class=\"swiper-slide-inner\"><img decoding=\"async\" class=\"swiper-slide-image\" src=\"https:\/\/meu.wsoluti.com.br\/wp-content\/uploads\/2020\/03\/client2.svg\" alt=\"client2\" \/><\/figure><\/a><\/div><div class=\"swiper-slide\" role=\"group\" aria-roledescription=\"slide\" aria-label=\"6 de 6\" data-no-translation-aria-label=\"\"><a data-elementor-open-lightbox=\"yes\" data-elementor-lightbox-slideshow=\"efb4aef\" data-elementor-lightbox-title=\"client3\" data-e-action-hash=\"#elementor-action%3Aaction%3Dlightbox%26settings%3DeyJpZCI6MjMzMCwidXJsIjoiaHR0cHM6XC9cL21ldS53c29sdXRpLmNvbS5iclwvd3AtY29udGVudFwvdXBsb2Fkc1wvMjAyMFwvMDNcL2NsaWVudDMuc3ZnIiwic2xpZGVzaG93IjoiZWZiNGFlZiJ9\" href=\"http:\/\/themeforest.net\/user\/OceanThemes\/portfolio\" target=\"_blank\"><figure class=\"swiper-slide-inner\"><img decoding=\"async\" class=\"swiper-slide-image\" src=\"https:\/\/meu.wsoluti.com.br\/wp-content\/uploads\/2020\/03\/client3.svg\" alt=\"client3\" \/><\/figure><\/a><\/div>\t\t\t<\/div>\n\t\t\t\t\t\t\t\n\t\t\t\t\t\t\t\t\t<\/div>\n\t\t\t\t\t\t<\/div>\n\t\t\t\t<\/div>\n\t\t\t\t\t<\/div>\n\t\t<\/div>\n\t\t\t\t\t<\/div>\n\t\t<\/section>\n\t\t\t\t<\/div>","protected":false},"excerpt":{"rendered":"<p>\/\/ FAQ Tire suas d\u00favidas com agilidade e seguran\u00e7a Prazos de entrega Saiba quanto tempo, em m\u00e9dia, levamos para planejar, desenvolver e entregar seu projeto com qualidade e dentro do cronograma. Formas de pagamento Entenda as op\u00e7\u00f5es de pagamento dispon\u00edveis, condi\u00e7\u00f5es para parcelamento e como tornar o investimento mais acess\u00edvel para seu neg\u00f3cio. Suporte e [&hellip;]<\/p>","protected":false},"author":1,"featured_media":0,"parent":0,"menu_order":0,"comment_status":"closed","ping_status":"closed","template":"","meta":{"footnotes":""},"class_list":["post-1390","page","type-page","status-publish","hentry"],"_links":{"self":[{"href":"https:\/\/meu.wsoluti.com.br\/pt\/wp-json\/wp\/v2\/pages\/1390","targetHints":{"allow":["GET"]}}],"collection":[{"href":"https:\/\/meu.wsoluti.com.br\/pt\/wp-json\/wp\/v2\/pages"}],"about":[{"href":"https:\/\/meu.wsoluti.com.br\/pt\/wp-json\/wp\/v2\/types\/page"}],"author":[{"embeddable":true,"href":"https:\/\/meu.wsoluti.com.br\/pt\/wp-json\/wp\/v2\/users\/1"}],"replies":[{"embeddable":true,"href":"https:\/\/meu.wsoluti.com.br\/pt\/wp-json\/wp\/v2\/comments?post=1390"}],"version-history":[{"count":9,"href":"https:\/\/meu.wsoluti.com.br\/pt\/wp-json\/wp\/v2\/pages\/1390\/revisions"}],"predecessor-version":[{"id":5226,"href":"https:\/\/meu.wsoluti.com.br\/pt\/wp-json\/wp\/v2\/pages\/1390\/revisions\/5226"}],"wp:attachment":[{"href":"https:\/\/meu.wsoluti.com.br\/pt\/wp-json\/wp\/v2\/media?parent=1390"}],"curies":[{"name":"wp","href":"https:\/\/api.w.org\/{rel}","templated":true}]}}